{"id":1618,"date":"2024-07-14T13:03:55","date_gmt":"2024-07-14T13:03:55","guid":{"rendered":"https:\/\/pol-mak.pl\/?page_id=1618"},"modified":"2024-09-18T11:55:21","modified_gmt":"2024-09-18T11:55:21","slug":"publikacje-dokumentow","status":"publish","type":"page","link":"https:\/\/pol-mak.pl\/en\/o-nas\/publikacje-dokumentow\/","title":{"rendered":"Document publications"},"content":{"rendered":"<div data-elementor-type=\"wp-page\" data-elementor-id=\"1618\" class=\"elementor elementor-1618\" data-elementor-post-type=\"page\">\n\t\t\t\t<div class=\"elementor-element elementor-element-46ea97c0 e-flex e-con-boxed e-con e-parent\" data-id=\"46ea97c0\" data-element_type=\"container\" data-e-type=\"container\" data-settings=\"{&quot;background_background&quot;:&quot;classic&quot;}\">\n\t\t\t\t\t<div class=\"e-con-inner\">\n\t\t\t\t\t<\/div>\n\t\t\t\t<\/div>\n\t\t<div class=\"elementor-element elementor-element-19feafe e-flex e-con-boxed e-con e-parent\" data-id=\"19feafe\" data-element_type=\"container\" data-e-type=\"container\">\n\t\t\t\t\t<div class=\"e-con-inner\">\n\t\t<div class=\"elementor-element elementor-element-1e26ab21 e-flex e-con-boxed e-con e-child\" data-id=\"1e26ab21\" data-element_type=\"container\" data-e-type=\"container\" data-settings=\"{&quot;background_background&quot;:&quot;classic&quot;}\">\n\t\t\t\t\t<div class=\"e-con-inner\">\n\t\t\t\t<div class=\"elementor-element elementor-element-14147013 breadcrumbs elementor-widget elementor-widget-woocommerce-breadcrumb\" data-id=\"14147013\" data-element_type=\"widget\" data-e-type=\"widget\" data-widget_type=\"woocommerce-breadcrumb.default\">\n\t\t\t\t<div class=\"elementor-widget-container\">\n\t\t\t\t\t<nav class=\"woocommerce-breadcrumb\" aria-label=\"Breadcrumb\" data-no-translation=\"\" data-trp-gettext=\"\">Strona g\u0142\u00f3wna<\/nav>\t\t\t\t<\/div>\n\t\t\t\t<\/div>\n\t\t<div class=\"elementor-element elementor-element-56a411ed e-con-full e-flex e-con e-child\" data-id=\"56a411ed\" data-element_type=\"container\" data-e-type=\"container\">\n\t\t\t\t<div class=\"elementor-element elementor-element-111c159 elementor-widget elementor-widget-heading\" data-id=\"111c159\" data-element_type=\"widget\" data-e-type=\"widget\" data-widget_type=\"heading.default\">\n\t\t\t\t<div class=\"elementor-widget-container\">\n\t\t\t\t\t<h2 class=\"elementor-heading-title elementor-size-default\">Document publications<\/h2>\t\t\t\t<\/div>\n\t\t\t\t<\/div>\n\t\t\t\t<div class=\"elementor-element elementor-element-21bdcb70 e-my-account-tabs-vertical elementor-widget elementor-widget-woocommerce-my-account\" data-id=\"21bdcb70\" data-element_type=\"widget\" data-e-type=\"widget\" data-widget_type=\"woocommerce-my-account.default\">\n\t\t\t\t<div class=\"elementor-widget-container\">\n\t\t\t\t\t<div class=\"e-my-account-tab e-my-account-tab__\">\t\t\t<div class=\"woocommerce\"><\/div>\t\t<\/div>\n\t\t\t\t\t\t<\/div>\n\t\t\t\t<\/div>\n\t\t<div class=\"elementor-element elementor-element-67bd7bb1 e-con-full e-flex e-con e-child\" data-id=\"67bd7bb1\" data-element_type=\"container\" data-e-type=\"container\" id=\"main-container\">\n\t\t<div class=\"elementor-element elementor-element-6b506129 e-con-full zapytanie e-flex e-con e-child\" data-id=\"6b506129\" data-element_type=\"container\" data-e-type=\"container\">\n\t\t\t\t<div class=\"elementor-element elementor-element-17a3fb46 elementor-widget elementor-widget-text-editor\" data-id=\"17a3fb46\" data-element_type=\"widget\" data-e-type=\"widget\" data-widget_type=\"text-editor.default\">\n\t\t\t\t<div class=\"elementor-widget-container\">\n\t\t\t\t\t\t\t\t\t<p><span style=\"font-weight: 400;\">Zatwierdzone sprawozdanie finansowe za rok 2023.<\/span><\/p><p><a href=\"http:\/\/pol-mak.pl\/wp-content\/uploads\/2024\/09\/akt-notarialny-protokol-ZW.pdf\"><strong>Akt notarialny zatwierdzaj\u0105cy SF 2023<\/strong><\/a><\/p>\t\t\t\t\t\t\t\t<\/div>\n\t\t\t\t<\/div>\n\t\t\t\t<\/div>\n\t\t<div class=\"elementor-element elementor-element-4983493 e-con-full zapytanie e-flex e-con e-child\" data-id=\"4983493\" data-element_type=\"container\" data-e-type=\"container\">\n\t\t\t\t<div class=\"elementor-element elementor-element-4549d31 elementor-widget elementor-widget-text-editor\" data-id=\"4549d31\" data-element_type=\"widget\" data-e-type=\"widget\" data-widget_type=\"text-editor.default\">\n\t\t\t\t<div class=\"elementor-widget-container\">\n\t\t\t\t\t\t\t\t\t<p><span style=\"font-weight: 400;\">Materia\u0142y na Walne Zgromadzenie Akcjonariuszy <\/span><\/p><p><a href=\"http:\/\/pol-mak.pl\/wp-content\/uploads\/2024\/09\/Zestawienie-kapitalow.pdf\"><strong>Zestawienie kapita\u0142\u00f3w<\/strong><\/a><\/p><p><a href=\"http:\/\/pol-mak.pl\/wp-content\/uploads\/2024\/09\/Sprawozdanie-z-dzialalnosci-Zarzadu.pdf\"><strong>Sprawozdanie z dzia\u0142alno\u015bci Zarz\u0105du\u00a0<\/strong><\/a><\/p><p><a href=\"http:\/\/pol-mak.pl\/wp-content\/uploads\/2024\/09\/Rachunek-zyskow-i-strat.pdf\"><strong>Rachunek Zysk\u00f3w i Strat\u00a0<\/strong><\/a><\/p><p><a href=\"http:\/\/pol-mak.pl\/wp-content\/uploads\/2024\/09\/Rachunek-przeplywow-pienieznych.pdf\"><strong>Rachunek przep\u0142yw\u00f3w pieni\u0119\u017cnych\u00a0<\/strong><\/a><\/p><p><a href=\"http:\/\/pol-mak.pl\/wp-content\/uploads\/2024\/09\/Informacja-dodatkowa.pdf\"><strong>Informacja dodatkowa\u00a0<\/strong><\/a><\/p><p><a href=\"http:\/\/pol-mak.pl\/wp-content\/uploads\/2024\/09\/Bilans.pdf\"><strong>Bilans\u00a0<\/strong><\/a><\/p><p><a href=\"http:\/\/pol-mak.pl\/wp-content\/uploads\/2024\/09\/POL-MAK_lista-akcjonariuszy-na-ZWZA_19.06.2024.pdf\"><strong>Lista Akcjonariuszy\u00a0<\/strong><\/a><\/p><p><strong><a href=\"http:\/\/pol-mak.pl\/wp-content\/uploads\/2024\/09\/POLMAK_ZWZA2023_25.06.2024_protokol_projekt_20240617.pdf\">Akt Notarialny\u00a0<\/a><\/strong><\/p>\t\t\t\t\t\t\t\t<\/div>\n\t\t\t\t<\/div>\n\t\t\t\t<\/div>\n\t\t<div class=\"elementor-element elementor-element-154898b e-con-full zapytanie e-flex e-con e-child\" data-id=\"154898b\" data-element_type=\"container\" data-e-type=\"container\">\n\t\t\t\t<div class=\"elementor-element elementor-element-505bb84 elementor-widget elementor-widget-text-editor\" data-id=\"505bb84\" data-element_type=\"widget\" data-e-type=\"widget\" data-widget_type=\"text-editor.default\">\n\t\t\t\t<div class=\"elementor-widget-container\">\n\t\t\t\t\t\t\t\t\t<p><span style=\"font-weight: 400;\">Zatwierdzone sprawozdanie finansowe za rok 2021.<\/span><\/p><p><a href=\"http:\/\/pol-mak.pl\/wp-content\/uploads\/2024\/09\/akt-zatwierdzajacy-SF-2021.pdf\"><strong>Akt zatwierdzaj\u0105cy SF 2021<\/strong><\/a><\/p><p><a href=\"http:\/\/pol-mak.pl\/wp-content\/uploads\/2024\/09\/2021_Sprawozd_bieglego_rewidenta.pdf\"><strong>Sprawozdanie bieg\u0142ego rewidenta\u00a0<\/strong><\/a><\/p><p><a href=\"http:\/\/pol-mak.pl\/wp-content\/uploads\/2024\/09\/BILANS-2021-sig-sig-sig-sig.pdf\"><strong>Bilans 2021<\/strong><\/a><\/p><p><a href=\"http:\/\/pol-mak.pl\/wp-content\/uploads\/2024\/09\/Rachunek-przeplywow-pienieznych-2021-sig-sig-sig-sig.pdf\"><strong>Rachunek przep\u0142yw\u00f3w pieni\u0119\u017cnych\u00a0<\/strong><\/a><\/p><p><strong><a href=\"http:\/\/pol-mak.pl\/wp-content\/uploads\/2024\/09\/Rachunek-zyskow-i-strat-2021-sig-sig-sig-sig.pdf\">Rachunek zysk\u00f3w i strat 2021<\/a><\/strong><\/p><p><a href=\"http:\/\/pol-mak.pl\/wp-content\/uploads\/2024\/09\/Zestawienie-zmian-w-kapitale-wlasnym-2021-sig-sig-sig-sig.pdf\"><strong>Zestawienie zmian w kapitale w\u0142asnym\u00a0<\/strong><\/a><\/p><p><a href=\"http:\/\/pol-mak.pl\/wp-content\/uploads\/2024\/09\/Informacja_dodatkowa_2021.pdf\"><strong>Informacja dodatkowa<\/strong><\/a><\/p><p><a href=\"http:\/\/pol-mak.pl\/wp-content\/uploads\/2024\/09\/2021_Sprawozdanie_z_dzialalnosci_zarzadu_1-sig-sig-sig.pdf\"><strong>Sprawozdanie z dzia\u0142alno\u015bci Zarz\u0105du<\/strong><\/a><\/p>\t\t\t\t\t\t\t\t<\/div>\n\t\t\t\t<\/div>\n\t\t\t\t<\/div>\n\t\t<div class=\"elementor-element elementor-element-6477dc9d e-con-full zapytanie e-flex e-con e-child\" data-id=\"6477dc9d\" data-element_type=\"container\" data-e-type=\"container\">\n\t\t\t\t<div class=\"elementor-element elementor-element-78dca75 elementor-widget elementor-widget-text-editor\" data-id=\"78dca75\" data-element_type=\"widget\" data-e-type=\"widget\" data-widget_type=\"text-editor.default\">\n\t\t\t\t<div class=\"elementor-widget-container\">\n\t\t\t\t\t\t\t\t\t<p><span style=\"font-weight: 400;\">Zatwierdzone sprawozdanie finansowe za rok 2020.<\/span><\/p><p><a href=\"http:\/\/pol-mak.pl\/wp-content\/uploads\/2024\/09\/Akt-notarialny-zatwierdzajacy-SF-2020.pdf\"><strong>Akt notarialny zatwierdzaj\u0105cy SF 2020\u00a0<\/strong><\/a><\/p><p><a href=\"http:\/\/pol-mak.pl\/wp-content\/uploads\/2024\/09\/Zestawienie-zmian-w-kapitale-funduszu-wlasnym-2020.pdf\"><strong>Zestawienie zmian w kapitale (funduszu) w\u0142asnym 2020<\/strong><\/a><\/p><p><a href=\"http:\/\/pol-mak.pl\/wp-content\/uploads\/2024\/09\/Bilans-2020.pdf\"><strong>Bilans 2020<\/strong><\/a><\/p><p><a href=\"http:\/\/pol-mak.pl\/wp-content\/uploads\/2024\/09\/Rachunek-przeplywow-pienieznych-2020.pdf\"><strong>Rachunek przep\u0142yw\u00f3w pieni\u0119\u017cnych 2020\u00a0<\/strong><\/a><\/p><p><a href=\"http:\/\/pol-mak.pl\/wp-content\/uploads\/2024\/09\/Rachunek-zyskow-i-strat-2020.pdf\"><strong>Rachunek zysk\u00f3w i strat<\/strong><\/a><\/p><p><a href=\"http:\/\/pol-mak.pl\/wp-content\/uploads\/2024\/09\/Sprawozdanie-bieglego-rewidenta.pdf\"><strong>Sprawozdanie bieg\u0142ego rewidenta<\/strong><\/a><\/p><p><a href=\"http:\/\/pol-mak.pl\/wp-content\/uploads\/2024\/09\/Sprawozdanie-z-dzialalnosci-zarzadu-2020-1-1-sig-sig-sig.pdf\"><strong>Sprawozdanie z dzia\u0142alno\u015bci Zarz\u0105du<\/strong><\/a><\/p>\t\t\t\t\t\t\t\t<\/div>\n\t\t\t\t<\/div>\n\t\t\t\t<\/div>\n\t\t<div class=\"elementor-element elementor-element-2f3df300 e-con-full zapytanie e-flex e-con e-child\" data-id=\"2f3df300\" data-element_type=\"container\" data-e-type=\"container\">\n\t\t\t\t<div class=\"elementor-element elementor-element-6b11d19c elementor-widget elementor-widget-text-editor\" data-id=\"6b11d19c\" data-element_type=\"widget\" data-e-type=\"widget\" data-widget_type=\"text-editor.default\">\n\t\t\t\t<div class=\"elementor-widget-container\">\n\t\t\t\t\t\t\t\t\t<p><span style=\"font-weight: 400;\">Informacja o przetwarzaniu danych osobowych BM PKO BP.<\/span><\/p><p><a href=\"http:\/\/pol-mak.pl\/wp-content\/uploads\/2024\/09\/PKO-BP-S.A.-informacja-o-przetwarzaniu-danych-osobowych.pdf\"><strong>PKO BP S.A. Informacja o przetwarzaniu danych osobowych\u00a0<\/strong><\/a><\/p>\t\t\t\t\t\t\t\t<\/div>\n\t\t\t\t<\/div>\n\t\t\t\t<\/div>\n\t\t<div class=\"elementor-element elementor-element-7708f60e e-con-full zapytanie e-flex e-con e-child\" data-id=\"7708f60e\" data-element_type=\"container\" data-e-type=\"container\">\n\t\t\t\t<div class=\"elementor-element elementor-element-1c8a2f5b elementor-widget elementor-widget-text-editor\" data-id=\"1c8a2f5b\" data-element_type=\"widget\" data-e-type=\"widget\" data-widget_type=\"text-editor.default\">\n\t\t\t\t<div class=\"elementor-widget-container\">\n\t\t\t\t\t\t\t\t\t<p><span style=\"font-weight: 400;\">Uchwa\u0142y podj\u0119te podczas Nadzwyczajnego Walnego Zgromadzenia Akcjonariuszy w dniu 21.09.2020 roku w sprawie wyboru Biura Maklerskiego, za po\u015brednictwem kt\u00f3rego zostanie dokonana dematerializacja akcji.<\/span><\/p><p><a href=\"http:\/\/pol-mak.pl\/wp-content\/uploads\/2024\/09\/Uchwala-NWZA-w-zakresie-wyboru-BM-dematerializacja-akcji.pdf\"><strong>Uchwa\u0142a NWZA w zakresie\u00a0 wyboru BM-dematerializacja akcji <\/strong><\/a><\/p>\t\t\t\t\t\t\t\t<\/div>\n\t\t\t\t<\/div>\n\t\t\t\t<\/div>\n\t\t<div class=\"elementor-element elementor-element-24c910e4 e-con-full zapytanie e-flex e-con e-child\" data-id=\"24c910e4\" data-element_type=\"container\" data-e-type=\"container\">\n\t\t\t\t<div class=\"elementor-element elementor-element-200c4ba elementor-widget elementor-widget-text-editor\" data-id=\"200c4ba\" data-element_type=\"widget\" data-e-type=\"widget\" data-widget_type=\"text-editor.default\">\n\t\t\t\t<div class=\"elementor-widget-container\">\n\t\t\t\t\t\t\t\t\t<p><span style=\"font-weight: 400;\">Projekty Uchwa\u0142 b\u0119d\u0105ce przedmiotem obrad Nadzwyczajnego Walnego Zgromadzenia Akcjonariuszy planowanego na dzie\u0144 21.09.2020 roku o g. 13:00.<\/span><\/p><p><a href=\"http:\/\/pol-mak.pl\/wp-content\/uploads\/2024\/09\/Projekt-uchwal-NWZA-21.09.2020-1.docx\"><strong>Projekt uchwa\u0142 NWZA 21.09.2020<\/strong><\/a><\/p>\t\t\t\t\t\t\t\t<\/div>\n\t\t\t\t<\/div>\n\t\t\t\t<\/div>\n\t\t<div class=\"elementor-element elementor-element-143fcd50 e-con-full zapytanie e-flex e-con e-child\" data-id=\"143fcd50\" data-element_type=\"container\" data-e-type=\"container\">\n\t\t\t\t<div class=\"elementor-element elementor-element-18ac451 elementor-widget elementor-widget-text-editor\" data-id=\"18ac451\" data-element_type=\"widget\" data-e-type=\"widget\" data-widget_type=\"text-editor.default\">\n\t\t\t\t<div class=\"elementor-widget-container\">\n\t\t\t\t\t\t\t\t\t<p><span style=\"font-weight: 400;\">Zatwierdzone sprawozdanie finansowe za 2019 rok.<\/span><\/p><p><a href=\"http:\/\/pol-mak.pl\/wp-content\/uploads\/2024\/09\/Opinia-bieglego-rewidenta-2019.pdf\"><strong>Opinia bieg\u0142ego rewidenta 2019<\/strong><\/a><\/p><p><a href=\"http:\/\/pol-mak.pl\/wp-content\/uploads\/2024\/09\/Informacja_dodatkowa_2019-sig.pdf\"><strong>Informacja dodatkowa 2019\u00a0<\/strong><\/a><\/p><p><a href=\"http:\/\/pol-mak.pl\/wp-content\/uploads\/2024\/09\/Bilans-2019-sig.pdf\"><strong>Bilans 2019\u00a0<\/strong><\/a><\/p><p><a href=\"http:\/\/pol-mak.pl\/wp-content\/uploads\/2024\/09\/Rachunek-zyskow-i-strat-2019-sig.pdf\"><strong>Rachunek Zysk\u00f3w i Strat 2019\u00a0<\/strong><\/a><\/p><p><a href=\"http:\/\/pol-mak.pl\/wp-content\/uploads\/2024\/09\/Zestawienie-zmian-w-kw-2019sig.pdf\"><strong>Zestawienie zmian w kw 2019\u00a0<\/strong><\/a><\/p><p><a href=\"http:\/\/pol-mak.pl\/wp-content\/uploads\/2024\/09\/Sprawozdanie_z_dzialalnosci_zarzadu_2019-sig.pdf\"><strong>Sprawozdanie z dzia\u0142alno\u015bci Zarz\u0105du 2019\u00a0<\/strong><\/a><\/p>\t\t\t\t\t\t\t\t<\/div>\n\t\t\t\t<\/div>\n\t\t\t\t<\/div>\n\t\t<div class=\"elementor-element elementor-element-693b70ce e-con-full zapytanie e-flex e-con e-child\" data-id=\"693b70ce\" data-element_type=\"container\" data-e-type=\"container\">\n\t\t\t\t<div class=\"elementor-element elementor-element-727644f9 elementor-widget elementor-widget-text-editor\" data-id=\"727644f9\" data-element_type=\"widget\" data-e-type=\"widget\" data-widget_type=\"text-editor.default\">\n\t\t\t\t<div class=\"elementor-widget-container\">\n\t\t\t\t\t\t\t\t\t<p><span style=\"font-weight: 400;\">Uchwa\u0142y podj\u0119te podczas Zwyczajnego Walnego Zgromadzenia Akcjonariuszy w dniu 13.03.2020 roku w sprawie zatwierdzenia sprawozdania Zarz\u0105du, sprawozdania finansowego, przeznaczenia zysku, udzielenia absolutorium Zarz\u0105dowi i Radzie Nadzorczej.<\/span><\/p><p><a href=\"http:\/\/pol-mak.pl\/wp-content\/uploads\/2024\/09\/Uchwaly-podjete-podczas-Zwyczajnego-Walnego-Zgromadzenia-Akcjonariuszy-w-dniu-13.03.2020_Compressed.pdf\"><strong>Uchwa\u0142y podj\u0119te podczas Zwyczajnego Walnego Zgromadzenia Akcjonariuszy w dniu 13.03.2020<\/strong><\/a><\/p>\t\t\t\t\t\t\t\t<\/div>\n\t\t\t\t<\/div>\n\t\t\t\t<\/div>\n\t\t<div class=\"elementor-element elementor-element-595ff6e8 e-con-full zapytanie e-flex e-con e-child\" data-id=\"595ff6e8\" data-element_type=\"container\" data-e-type=\"container\">\n\t\t\t\t<div class=\"elementor-element elementor-element-68b3d58b elementor-widget elementor-widget-text-editor\" data-id=\"68b3d58b\" data-element_type=\"widget\" data-e-type=\"widget\" data-widget_type=\"text-editor.default\">\n\t\t\t\t<div class=\"elementor-widget-container\">\n\t\t\t\t\t\t\t\t\t<p><span style=\"font-weight: 400;\">Projekty Uchwa\u0142 b\u0119d\u0105ce przedmiotem obrad Zwyczajnego Walnego Zgromadzenia Akcjonariuszy planowanego na dzie\u0144 13.03.2020 roku o g. 14:30.<\/span><\/p><p><strong><a href=\"http:\/\/pol-mak.pl\/wp-content\/uploads\/2024\/09\/Projekty-uchwal-Zwyczajne-Walne-Zgromadzenie-Akcjonariuszy-13.03.2020.pdf\">Projekty Uchwa\u0142-Zwyczajne Walne Zgromadzenie Akcjonariuszy 13.03.2020<\/a><\/strong><\/p>\t\t\t\t\t\t\t\t<\/div>\n\t\t\t\t<\/div>\n\t\t\t\t<\/div>\n\t\t<div class=\"elementor-element elementor-element-479e6703 e-con-full zapytanie e-flex e-con e-child\" data-id=\"479e6703\" data-element_type=\"container\" data-e-type=\"container\">\n\t\t\t\t<div class=\"elementor-element elementor-element-49ad83ba elementor-widget elementor-widget-text-editor\" data-id=\"49ad83ba\" data-element_type=\"widget\" data-e-type=\"widget\" data-widget_type=\"text-editor.default\">\n\t\t\t\t<div class=\"elementor-widget-container\">\n\t\t\t\t\t\t\t\t\t<p><span style=\"font-weight: 400;\">Statut Wytw\u00f3rni Makaronu Domowego POL-MAK S.A.\u00a0<\/span><\/p><p><a href=\"http:\/\/pol-mak.pl\/wp-content\/uploads\/2024\/09\/Statut-POL-MAK-.pdf\"><strong>Statut POL-MAK<\/strong><\/a><\/p>\t\t\t\t\t\t\t\t<\/div>\n\t\t\t\t<\/div>\n\t\t\t\t<\/div>\n\t\t\t\t<\/div>\n\t\t\t\t<\/div>\n\t\t\t\t\t<\/div>\n\t\t\t\t<\/div>\n\t\t\t\t\t<\/div>\n\t\t\t\t<\/div>\n\t\t\t\t<\/div>","protected":false},"excerpt":{"rendered":"<p>Publikacje dokument\u00f3w Dashboard Orders Downloads Addresses Account Details Logout Witaj aleksandra.chudziak@pol-mak.pl (nie jeste\u015b aleksandra.chudziak@pol-mak.pl? Wyloguj si\u0119) W ustawieniach swojego konta mo\u017cesz przejrze\u0107 swoje ostatnie zam\u00f3wienia, zarz\u0105dza\u0107 adresami p\u0142atno\u015bci i dostawy oraz zmienia\u0107 has\u0142o i szczeg\u00f3\u0142y konta. Zatwierdzone sprawozdanie finansowe za rok 2023. Akt notarialny zatwierdzaj\u0105cy SF 2023 Materia\u0142y na Walne Zgromadzenie Akcjonariuszy Zestawienie kapita\u0142\u00f3w Sprawozdanie [&hellip;]<\/p>\n","protected":false},"author":1,"featured_media":0,"parent":521,"menu_order":0,"comment_status":"closed","ping_status":"closed","template":"","meta":{"_acf_changed":false,"footnotes":""},"class_list":["post-1618","page","type-page","status-publish","hentry"],"acf":[],"_links":{"self":[{"href":"https:\/\/pol-mak.pl\/en\/wp-json\/wp\/v2\/pages\/1618","targetHints":{"allow":["GET"]}}],"collection":[{"href":"https:\/\/pol-mak.pl\/en\/wp-json\/wp\/v2\/pages"}],"about":[{"href":"https:\/\/pol-mak.pl\/en\/wp-json\/wp\/v2\/types\/page"}],"author":[{"embeddable":true,"href":"https:\/\/pol-mak.pl\/en\/wp-json\/wp\/v2\/users\/1"}],"replies":[{"embeddable":true,"href":"https:\/\/pol-mak.pl\/en\/wp-json\/wp\/v2\/comments?post=1618"}],"version-history":[{"count":37,"href":"https:\/\/pol-mak.pl\/en\/wp-json\/wp\/v2\/pages\/1618\/revisions"}],"predecessor-version":[{"id":2622,"href":"https:\/\/pol-mak.pl\/en\/wp-json\/wp\/v2\/pages\/1618\/revisions\/2622"}],"up":[{"embeddable":true,"href":"https:\/\/pol-mak.pl\/en\/wp-json\/wp\/v2\/pages\/521"}],"wp:attachment":[{"href":"https:\/\/pol-mak.pl\/en\/wp-json\/wp\/v2\/media?parent=1618"}],"curies":[{"name":"wp","href":"https:\/\/api.w.org\/{rel}","templated":true}]}}