{"id":1679,"date":"2024-07-14T17:56:50","date_gmt":"2024-07-14T17:56:50","guid":{"rendered":"https:\/\/pol-mak.pl\/?post_type=product&#038;p=1679"},"modified":"2024-08-26T08:33:13","modified_gmt":"2024-08-26T08:33:13","slug":"ryz","status":"publish","type":"product","link":"https:\/\/pol-mak.pl\/en\/product\/ryz\/","title":{"rendered":"Rice"},"content":{"rendered":"<table dir=\"ltr\" border=\"1\" cellspacing=\"0\" cellpadding=\"0\" data-sheets-root=\"1\">\n<colgroup>\n<col width=\"218\" \/>\n<col width=\"153\" \/><\/colgroup>\n<tbody>\n<tr>\n<td style=\"text-align: center;\" colspan=\"2\" rowspan=\"1\" data-sheets-value=\"{&quot;1&quot;:2,&quot;2&quot;:&quot;Warto\u015bci od\u017cywcze w 100 g suchego produktu&quot;}\">\n<h5>Nutrition facts in 100g of dry product<\/h5>\n<\/td>\n<\/tr>\n<tr>\n<td data-sheets-value=\"{&quot;1&quot;:2,&quot;2&quot;:&quot;Warto\u015b\u0107 od\u017cywcza&quot;}\"><strong>Nutrition Facts<\/strong><\/td>\n<td style=\"text-align: right;\" data-sheets-value=\"{&quot;1&quot;:2,&quot;2&quot;:&quot;w 100g&quot;}\"><strong>in 100g<\/strong><\/td>\n<\/tr>\n<tr>\n<td data-sheets-value=\"{&quot;1&quot;:2,&quot;2&quot;:&quot;Warto\u015b\u0107 energetyczna&quot;}\">Energy<\/td>\n<td style=\"text-align: right;\" data-sheets-value=\"{&quot;1&quot;:2,&quot;2&quot;:&quot;1525 kJ \/ 359 kcal&quot;}\">1543 kJ \/ 365 kcal<\/td>\n<\/tr>\n<tr>\n<td data-sheets-value=\"{&quot;1&quot;:2,&quot;2&quot;:&quot;T\u0142uszcz&quot;}\">Fat<\/td>\n<td style=\"text-align: right;\" data-sheets-value=\"{&quot;1&quot;:2,&quot;2&quot;:&quot;1,6 g&quot;}\">3,1 g<\/td>\n<\/tr>\n<tr>\n<td data-sheets-value=\"{&quot;1&quot;:2,&quot;2&quot;:&quot;W tym kwasy t\u0142uszczowe nasycone&quot;}\">of which Saturated Fatty Acids<\/td>\n<td style=\"text-align: right;\" data-sheets-value=\"{&quot;1&quot;:2,&quot;2&quot;:&quot;0,4 g&quot;}\">1,6 g<\/td>\n<\/tr>\n<tr>\n<td data-sheets-value=\"{&quot;1&quot;:2,&quot;2&quot;:&quot;W\u0119glowodany&quot;}\">Carbohydrates<\/td>\n<td style=\"text-align: right;\" data-sheets-value=\"{&quot;1&quot;:2,&quot;2&quot;:&quot;74 g&quot;}\">69 g<\/td>\n<\/tr>\n<tr>\n<td data-sheets-value=\"{&quot;1&quot;:2,&quot;2&quot;:&quot;W tym cukry&quot;}\">of which Sugars<\/td>\n<td style=\"text-align: right;\" data-sheets-value=\"{&quot;1&quot;:2,&quot;2&quot;:&quot;0,2 g&quot;}\">2,7 g<\/td>\n<\/tr>\n<tr>\n<td data-sheets-value=\"{&quot;1&quot;:2,&quot;2&quot;:&quot;B\u0142onnik&quot;}\">Fibre<\/td>\n<td style=\"text-align: right;\" data-sheets-value=\"{&quot;1&quot;:2,&quot;2&quot;:&quot;2,3 g&quot;}\">4,5 g<\/td>\n<\/tr>\n<tr>\n<td data-sheets-value=\"{&quot;1&quot;:2,&quot;2&quot;:&quot;Bia\u0142ko&quot;}\">Protein<\/td>\n<td style=\"text-align: right;\" data-sheets-value=\"{&quot;1&quot;:2,&quot;2&quot;:&quot;11 g&quot;}\">13 g<\/td>\n<\/tr>\n<tr>\n<td data-sheets-value=\"{&quot;1&quot;:2,&quot;2&quot;:&quot;S\u00f3l&quot;}\">Salt<\/td>\n<td style=\"text-align: right;\" data-sheets-value=\"{&quot;1&quot;:2,&quot;2&quot;:&quot;0,03 g&quot;}\">0,09 g<\/td>\n<\/tr>\n<\/tbody>\n<\/table>","protected":false},"excerpt":{"rendered":"<p>Warto\u015bci od\u017cywcze w 100 g suchego produktu Warto\u015b\u0107 od\u017cywcza w 100g Warto\u015b\u0107 energetyczna 1543 kJ \/ 365 kcal T\u0142uszcz 3,1 g W tym kwasy t\u0142uszczowe nasycone 1,6 g W\u0119glowodany 69 g W tym cukry 2,7 g B\u0142onnik 4,5 g Bia\u0142ko 13 g S\u00f3l 0,09 g<\/p>","protected":false},"featured_media":1764,"comment_status":"open","ping_status":"closed","template":"","meta":{"_acf_changed":false},"product_brand":[],"product_cat":[35],"product_tag":[],"class_list":{"0":"post-1679","1":"product","2":"type-product","3":"status-publish","4":"has-post-thumbnail","6":"product_cat-do-zupy","8":"first","9":"instock","10":"shipping-taxable","11":"product-type-simple"},"acf":[],"_links":{"self":[{"href":"https:\/\/pol-mak.pl\/en\/wp-json\/wp\/v2\/product\/1679","targetHints":{"allow":["GET"]}}],"collection":[{"href":"https:\/\/pol-mak.pl\/en\/wp-json\/wp\/v2\/product"}],"about":[{"href":"https:\/\/pol-mak.pl\/en\/wp-json\/wp\/v2\/types\/product"}],"replies":[{"embeddable":true,"href":"https:\/\/pol-mak.pl\/en\/wp-json\/wp\/v2\/comments?post=1679"}],"wp:featuredmedia":[{"embeddable":true,"href":"https:\/\/pol-mak.pl\/en\/wp-json\/wp\/v2\/media\/1764"}],"wp:attachment":[{"href":"https:\/\/pol-mak.pl\/en\/wp-json\/wp\/v2\/media?parent=1679"}],"wp:term":[{"taxonomy":"product_brand","embeddable":true,"href":"https:\/\/pol-mak.pl\/en\/wp-json\/wp\/v2\/product_brand?post=1679"},{"taxonomy":"product_cat","embeddable":true,"href":"https:\/\/pol-mak.pl\/en\/wp-json\/wp\/v2\/product_cat?post=1679"},{"taxonomy":"product_tag","embeddable":true,"href":"https:\/\/pol-mak.pl\/en\/wp-json\/wp\/v2\/product_tag?post=1679"}],"curies":[{"name":"wp","href":"https:\/\/api.w.org\/{rel}","templated":true}]}}