{"id":1677,"date":"2024-07-14T17:55:36","date_gmt":"2024-07-14T17:55:36","guid":{"rendered":"https:\/\/pol-mak.pl\/?post_type=product&#038;p=1677"},"modified":"2024-08-26T08:33:34","modified_gmt":"2024-08-26T08:33:34","slug":"gwiazdki","status":"publish","type":"product","link":"https:\/\/pol-mak.pl\/ua\/product\/gwiazdki\/","title":{"rendered":"\u0417\u0456\u0440\u043e\u0447\u043a\u0438"},"content":{"rendered":"<table dir=\"ltr\" border=\"1\" cellspacing=\"0\" cellpadding=\"0\" data-sheets-root=\"1\">\n<colgroup>\n<col width=\"218\" \/>\n<col width=\"153\" \/><\/colgroup>\n<tbody>\n<tr>\n<td style=\"text-align: center;\" colspan=\"2\" rowspan=\"1\" data-sheets-value=\"{&quot;1&quot;:2,&quot;2&quot;:&quot;Warto\u015bci od\u017cywcze w 100 g suchego produktu&quot;}\">\n<h5>\u041f\u041e\u0416\u0418\u0412\u041d\u0410 \u0426\u0406\u041d\u041d\u0406\u0421\u0422\u042c \u041d\u0410 100 \u0413 \u0421\u0423\u0425\u041e\u0413\u041e<\/h5>\n<\/td>\n<\/tr>\n<tr>\n<td data-sheets-value=\"{&quot;1&quot;:2,&quot;2&quot;:&quot;Warto\u015b\u0107 od\u017cywcza&quot;}\"><strong>\u041f\u043e\u0436\u0438\u0432\u043d\u0430 \u0446\u0456\u043d\u043d\u0456\u0441\u0442\u044c<\/strong><\/td>\n<td style=\"text-align: right;\" data-sheets-value=\"{&quot;1&quot;:2,&quot;2&quot;:&quot;w 100g&quot;}\"><strong>\u043d\u0430 100 \u0433<\/strong><\/td>\n<\/tr>\n<tr>\n<td data-sheets-value=\"{&quot;1&quot;:2,&quot;2&quot;:&quot;Warto\u015b\u0107 energetyczna&quot;}\">\u0415\u043d\u0435\u0440\u0433\u0435\u0442\u0438\u0447\u043d\u0430 \u0446\u0456\u043d\u043d\u0456\u0441\u0442\u044c<\/td>\n<td style=\"text-align: right;\" data-sheets-value=\"{&quot;1&quot;:2,&quot;2&quot;:&quot;1525 kJ \/ 359 kcal&quot;}\">1543 \u043a\u0414\u0436 \/ 365 \u043a\u043a\u0430\u043b<\/td>\n<\/tr>\n<tr>\n<td data-sheets-value=\"{&quot;1&quot;:2,&quot;2&quot;:&quot;T\u0142uszcz&quot;}\">\u0416\u0438\u0440\u0438<\/td>\n<td style=\"text-align: right;\" data-sheets-value=\"{&quot;1&quot;:2,&quot;2&quot;:&quot;1,6 g&quot;}\">3,1 \u0433<\/td>\n<\/tr>\n<tr>\n<td data-sheets-value=\"{&quot;1&quot;:2,&quot;2&quot;:&quot;W tym kwasy t\u0142uszczowe nasycone&quot;}\">\u0417 \u043d\u0438\u0445 \u043d\u0430\u0441\u0438\u0447\u0435\u043d\u0456<\/td>\n<td style=\"text-align: right;\" data-sheets-value=\"{&quot;1&quot;:2,&quot;2&quot;:&quot;0,4 g&quot;}\">1,6 \u0433<\/td>\n<\/tr>\n<tr>\n<td data-sheets-value=\"{&quot;1&quot;:2,&quot;2&quot;:&quot;W\u0119glowodany&quot;}\">\u0412\u0443\u0433\u043b\u0435\u0432\u043e\u0434\u0438<\/td>\n<td style=\"text-align: right;\" data-sheets-value=\"{&quot;1&quot;:2,&quot;2&quot;:&quot;74 g&quot;}\">69 \u0433<\/td>\n<\/tr>\n<tr>\n<td data-sheets-value=\"{&quot;1&quot;:2,&quot;2&quot;:&quot;W tym cukry&quot;}\">\u0417 \u043d\u0438\u0445 \u0446\u0443\u043a\u0440\u0438<\/td>\n<td style=\"text-align: right;\" data-sheets-value=\"{&quot;1&quot;:2,&quot;2&quot;:&quot;0,2 g&quot;}\">2,7 \u0433<\/td>\n<\/tr>\n<tr>\n<td data-sheets-value=\"{&quot;1&quot;:2,&quot;2&quot;:&quot;B\u0142onnik&quot;}\">\u0425\u0430\u0440\u0447\u043e\u0432\u0456 \u0432\u043e\u043b\u043e\u043a\u043d\u0430<\/td>\n<td style=\"text-align: right;\" data-sheets-value=\"{&quot;1&quot;:2,&quot;2&quot;:&quot;2,3 g&quot;}\">4,5 \u0433<\/td>\n<\/tr>\n<tr>\n<td data-sheets-value=\"{&quot;1&quot;:2,&quot;2&quot;:&quot;Bia\u0142ko&quot;}\">\u0411\u0456\u043b\u043a\u0438<\/td>\n<td style=\"text-align: right;\" data-sheets-value=\"{&quot;1&quot;:2,&quot;2&quot;:&quot;11 g&quot;}\">13 \u0433<\/td>\n<\/tr>\n<tr>\n<td data-sheets-value=\"{&quot;1&quot;:2,&quot;2&quot;:&quot;S\u00f3l&quot;}\">\u0421\u0456\u043b\u044c<\/td>\n<td style=\"text-align: right;\" data-sheets-value=\"{&quot;1&quot;:2,&quot;2&quot;:&quot;0,03 g&quot;}\">0,09 \u0433<\/td>\n<\/tr>\n<\/tbody>\n<\/table>","protected":false},"excerpt":{"rendered":"<p>Warto\u015bci od\u017cywcze w 100 g suchego produktu Warto\u015b\u0107 od\u017cywcza w 100g Warto\u015b\u0107 energetyczna 1543 kJ \/ 365 kcal T\u0142uszcz 3,1 g W tym kwasy t\u0142uszczowe nasycone 1,6 g W\u0119glowodany 69 g W tym cukry 2,7 g B\u0142onnik 4,5 g Bia\u0142ko 13 g S\u00f3l 0,09 g<\/p>","protected":false},"featured_media":1761,"comment_status":"open","ping_status":"closed","template":"","meta":{"_acf_changed":false},"product_brand":[],"product_cat":[35],"product_tag":[],"class_list":{"0":"post-1677","1":"product","2":"type-product","3":"status-publish","4":"has-post-thumbnail","6":"product_cat-do-zupy","8":"first","9":"instock","10":"shipping-taxable","11":"product-type-simple"},"acf":[],"_links":{"self":[{"href":"https:\/\/pol-mak.pl\/ua\/wp-json\/wp\/v2\/product\/1677","targetHints":{"allow":["GET"]}}],"collection":[{"href":"https:\/\/pol-mak.pl\/ua\/wp-json\/wp\/v2\/product"}],"about":[{"href":"https:\/\/pol-mak.pl\/ua\/wp-json\/wp\/v2\/types\/product"}],"replies":[{"embeddable":true,"href":"https:\/\/pol-mak.pl\/ua\/wp-json\/wp\/v2\/comments?post=1677"}],"wp:featuredmedia":[{"embeddable":true,"href":"https:\/\/pol-mak.pl\/ua\/wp-json\/wp\/v2\/media\/1761"}],"wp:attachment":[{"href":"https:\/\/pol-mak.pl\/ua\/wp-json\/wp\/v2\/media?parent=1677"}],"wp:term":[{"taxonomy":"product_brand","embeddable":true,"href":"https:\/\/pol-mak.pl\/ua\/wp-json\/wp\/v2\/product_brand?post=1677"},{"taxonomy":"product_cat","embeddable":true,"href":"https:\/\/pol-mak.pl\/ua\/wp-json\/wp\/v2\/product_cat?post=1677"},{"taxonomy":"product_tag","embeddable":true,"href":"https:\/\/pol-mak.pl\/ua\/wp-json\/wp\/v2\/product_tag?post=1677"}],"curies":[{"name":"wp","href":"https:\/\/api.w.org\/{rel}","templated":true}]}}